{"id":1405,"date":"2016-07-28T14:06:56","date_gmt":"2016-07-28T12:06:56","guid":{"rendered":"http:\/\/saintango.fr\/?page_id=1405"},"modified":"2022-07-29T15:38:46","modified_gmt":"2022-07-29T13:38:46","slug":"recherche-de-partenaire-de-danse","status":"publish","type":"page","link":"https:\/\/saintango.fr\/?page_id=1405","title":{"rendered":"Notre formation \u00e0 Buenos Aires et ailleurs&#8230;"},"content":{"rendered":"<p style=\"text-align: left;\"><span style=\"font-size: 14pt;\"><strong><em>Notre formation \u00e0 Buenos Aires a \u00e9t\u00e9 effectu\u00e9e lors de cours priv\u00e9s sp\u00e9cifiques<\/em><\/strong>.<\/span><\/p>\n<p style=\"text-align: left;\"><span style=\"font-size: 12pt;\"><strong>2011 \/ <\/strong><strong>Carolina Bonaventura<\/strong>, directrice de l\u2019<em>Ecole Marisposita<\/em> <strong>&amp; Francisco Forquera,\u00a0<\/strong>formateurs de nombreux champions et groupes professionnels de spectacles (Stage de tango salon, formation aux fondamentaux)<\/span><\/p>\n<p style=\"text-align: left;\"><span style=\"font-size: 12pt;\"><strong>2012 \/ <\/strong><strong>Christina Sosa &amp; Daniel Nacucchio<\/strong>,\u00a0champions du monde de Tango et Milonga 2008, (Stage de tango salon &amp; milonga).<\/span><br \/>\n<span style=\"font-size: 12pt;\"><strong>2012 \/ Carolina Bonaventura &amp; Francisco Forquera<\/strong> (travail sur le rythme).<\/span><\/p>\n<p style=\"text-align: left;\"><span style=\"font-size: 12pt;\"><strong>2013 \/ <\/strong><strong>Christina Sosa &amp; Daniel Nacucchio<\/strong> (Stage de tango salon, travail sur l\u2019osmose danse et musique ; les d\u00e9placements en salle de danse).<\/span><br \/>\n<span style=\"font-size: 12pt;\"> <strong>2013 \/ <\/strong><strong>Carolina Bonaventura &amp; Francisco Forquera<\/strong> (travail sc\u00e9nique).<\/span><br \/>\n<span style=\"font-size: 12pt;\"> <strong>2013 \/ <\/strong><strong>Roberto Herrera y Lorena Goldestein<\/strong> (travail sur l\u2019harmonie et l\u2019\u00e9l\u00e9gance du couple).<\/span><\/p>\n<p style=\"text-align: left;\"><span style=\"font-size: 12pt;\"><strong>2014 \/ <\/strong><strong>Carolina Bonaventura<\/strong>\u00a0(Stage de tango salon, encha\u00eenements ; les techniques de la Milonga &#8211; p\u00e9dagogie pour les d\u00e9butants)<\/span><br \/>\n<span style=\"font-size: 12pt;\"> <strong>2014 \/ <\/strong><strong>Zuccarino Roberto<\/strong>, directeur de la compagnie <em>Tango y nada mas<\/em><strong> &amp; Valdez Magdalena<\/strong>\u00a0(Stage de tango salon, harmonie du guidage ; approche de la valse).<\/span><br \/>\n<span style=\"font-size: 12pt;\"> <strong>2014 \/<\/strong> <strong>Roberto Herrera y Laura Legazcue<\/strong> (travail sur le style milonguero)<\/span><\/p>\n<p style=\"text-align: left;\"><span style=\"font-size: 12pt;\"><strong>2017 \/ <\/strong><strong>Carolina Bonaventura<\/strong> (Stage de tango salon, encha\u00eenements, alt\u00e9rations).<\/span><br \/>\n<span style=\"font-size: 12pt;\"><strong>2017 \/ <\/strong><strong>Christina Sosa &amp; Daniel Nacucchio<\/strong> (\u00a0Stage de tango salon,\u00a0travail sur le rapport danse et musique).<\/span><\/p>\n<p style=\"text-align: left;\"><span style=\"font-size: 12pt;\"><strong>2019 \/ <\/strong><strong>Christina Sosa &amp; Daniel Nacucchio<\/strong><\/span> <span style=\"font-size: 12pt;\">(\u00a0Stage utilisation optimale du rapport danse et musique).<\/span><\/p>\n<p style=\"text-align: left;\"><span style=\"font-size: 14pt;\"><strong><em>Notre formation en France a \u00e9t\u00e9 effectu\u00e9e lors de cours priv\u00e9s sp\u00e9cifiques<\/em><\/strong>.<\/span><\/p>\n<p style=\"text-align: left;\"><span style=\"font-size: 12pt;\"><strong>2022 \/ Michael \u2018El Gato\u2019 Nadtochi &amp; Elvira Lambo<\/strong><\/span>\u00a0<span style=\"font-size: 12pt;\">( L&rsquo;abrazo serr\u00e9, le guidage).<\/span><\/p>\n<p><em><strong>Faire simple mais parfaitement, c\u2019est l\u2019assurance de faire beau !<\/strong><\/em><\/p>\n<p><b>Contacter V\u00e9ronique et Jean-Charles directement : <\/b><\/p>\n<p>Email : <a>saintango17@free.fr \u00a0\u00a0 <\/a><\/p>\n<p>T\u00e9l. : 05 46 26 87 94 \u00a0\u00a0Portable : 06 50 42 15 08<\/p>\n","protected":false},"excerpt":{"rendered":"<p>Notre formation \u00e0 Buenos Aires a \u00e9t\u00e9 effectu\u00e9e lors de cours priv\u00e9s sp\u00e9cifiques. 2011 \/ Carolina Bonaventura, directrice de l\u2019Ecole Marisposita &amp; Francisco Forquera,\u00a0formateurs de nombreux champions et groupes professionnels de spectacles (Stage de tango salon, formation aux fondamentaux) 2012 \/ Christina Sosa &amp; Daniel Nacucchio,\u00a0champions du monde de Tango et Milonga 2008, (Stage de [\u2026]<\/p>\n","protected":false},"author":1,"featured_media":0,"parent":181,"menu_order":0,"comment_status":"open","ping_status":"open","template":"","meta":{"ngg_post_thumbnail":0},"yoast_head":"<!-- This site is optimized with the Yoast SEO plugin v18.6 - https:\/\/yoast.com\/wordpress\/plugins\/seo\/ -->\n<title>Notre formation \u00e0 Buenos Aires et ailleurs... - Saintonge Tango &amp; Milonga<\/title>\n<meta name=\"robots\" content=\"index, follow, max-snippet:-1, max-image-preview:large, max-video-preview:-1\" \/>\n<link rel=\"canonical\" href=\"https:\/\/saintango.fr\/?page_id=1405\" \/>\n<meta property=\"og:locale\" content=\"fr_FR\" \/>\n<meta property=\"og:type\" content=\"article\" \/>\n<meta property=\"og:title\" content=\"Notre formation \u00e0 Buenos Aires et ailleurs... - Saintonge Tango &amp; Milonga\" \/>\n<meta property=\"og:description\" content=\"Notre formation \u00e0 Buenos Aires a \u00e9t\u00e9 effectu\u00e9e lors de cours priv\u00e9s sp\u00e9cifiques. 2011 \/ Carolina Bonaventura, directrice de l\u2019Ecole Marisposita &amp; Francisco Forquera,\u00a0formateurs de nombreux champions et groupes professionnels de spectacles (Stage de tango salon, formation aux fondamentaux) 2012 \/ Christina Sosa &amp; Daniel Nacucchio,\u00a0champions du monde de Tango et Milonga 2008, (Stage de [\u2026]\" \/>\n<meta property=\"og:url\" content=\"https:\/\/saintango.fr\/?page_id=1405\" \/>\n<meta property=\"og:site_name\" content=\"Saintonge Tango &amp; Milonga\" \/>\n<meta property=\"article:modified_time\" content=\"2022-07-29T13:38:46+00:00\" \/>\n<meta name=\"twitter:card\" content=\"summary\" \/>\n<meta name=\"twitter:label1\" content=\"Dur\u00e9e de lecture estim\u00e9e\" \/>\n\t<meta name=\"twitter:data1\" content=\"2 minutes\" \/>\n<script type=\"application\/ld+json\" class=\"yoast-schema-graph\">{\"@context\":\"https:\/\/schema.org\",\"@graph\":[{\"@type\":\"WebSite\",\"@id\":\"https:\/\/saintango.fr\/#website\",\"url\":\"https:\/\/saintango.fr\/\",\"name\":\"Saintonge Tango &amp; Milonga\",\"description\":\"Un site utilisant WordPress\",\"potentialAction\":[{\"@type\":\"SearchAction\",\"target\":{\"@type\":\"EntryPoint\",\"urlTemplate\":\"https:\/\/saintango.fr\/?s={search_term_string}\"},\"query-input\":\"required name=search_term_string\"}],\"inLanguage\":\"fr-FR\"},{\"@type\":\"WebPage\",\"@id\":\"https:\/\/saintango.fr\/?page_id=1405#webpage\",\"url\":\"https:\/\/saintango.fr\/?page_id=1405\",\"name\":\"Notre formation \u00e0 Buenos Aires et ailleurs... - Saintonge Tango &amp; Milonga\",\"isPartOf\":{\"@id\":\"https:\/\/saintango.fr\/#website\"},\"datePublished\":\"2016-07-28T12:06:56+00:00\",\"dateModified\":\"2022-07-29T13:38:46+00:00\",\"breadcrumb\":{\"@id\":\"https:\/\/saintango.fr\/?page_id=1405#breadcrumb\"},\"inLanguage\":\"fr-FR\",\"potentialAction\":[{\"@type\":\"ReadAction\",\"target\":[\"https:\/\/saintango.fr\/?page_id=1405\"]}]},{\"@type\":\"BreadcrumbList\",\"@id\":\"https:\/\/saintango.fr\/?page_id=1405#breadcrumb\",\"itemListElement\":[{\"@type\":\"ListItem\",\"position\":1,\"name\":\"Accueil\",\"item\":\"https:\/\/saintango.fr\/\"},{\"@type\":\"ListItem\",\"position\":2,\"name\":\"Accueil\",\"item\":\"https:\/\/saintango.fr\/\"},{\"@type\":\"ListItem\",\"position\":3,\"name\":\"Notre formation \u00e0 Buenos Aires et ailleurs&#8230;\"}]}]}<\/script>\n<!-- \/ Yoast SEO plugin. -->","yoast_head_json":{"title":"Notre formation \u00e0 Buenos Aires et ailleurs... - Saintonge Tango &amp; Milonga","robots":{"index":"index","follow":"follow","max-snippet":"max-snippet:-1","max-image-preview":"max-image-preview:large","max-video-preview":"max-video-preview:-1"},"canonical":"https:\/\/saintango.fr\/?page_id=1405","og_locale":"fr_FR","og_type":"article","og_title":"Notre formation \u00e0 Buenos Aires et ailleurs... - Saintonge Tango &amp; Milonga","og_description":"Notre formation \u00e0 Buenos Aires a \u00e9t\u00e9 effectu\u00e9e lors de cours priv\u00e9s sp\u00e9cifiques. 2011 \/ Carolina Bonaventura, directrice de l\u2019Ecole Marisposita &amp; Francisco Forquera,\u00a0formateurs de nombreux champions et groupes professionnels de spectacles (Stage de tango salon, formation aux fondamentaux) 2012 \/ Christina Sosa &amp; Daniel Nacucchio,\u00a0champions du monde de Tango et Milonga 2008, (Stage de [\u2026]","og_url":"https:\/\/saintango.fr\/?page_id=1405","og_site_name":"Saintonge Tango &amp; Milonga","article_modified_time":"2022-07-29T13:38:46+00:00","twitter_card":"summary","twitter_misc":{"Dur\u00e9e de lecture estim\u00e9e":"2 minutes"},"schema":{"@context":"https:\/\/schema.org","@graph":[{"@type":"WebSite","@id":"https:\/\/saintango.fr\/#website","url":"https:\/\/saintango.fr\/","name":"Saintonge Tango &amp; Milonga","description":"Un site utilisant WordPress","potentialAction":[{"@type":"SearchAction","target":{"@type":"EntryPoint","urlTemplate":"https:\/\/saintango.fr\/?s={search_term_string}"},"query-input":"required name=search_term_string"}],"inLanguage":"fr-FR"},{"@type":"WebPage","@id":"https:\/\/saintango.fr\/?page_id=1405#webpage","url":"https:\/\/saintango.fr\/?page_id=1405","name":"Notre formation \u00e0 Buenos Aires et ailleurs... - Saintonge Tango &amp; Milonga","isPartOf":{"@id":"https:\/\/saintango.fr\/#website"},"datePublished":"2016-07-28T12:06:56+00:00","dateModified":"2022-07-29T13:38:46+00:00","breadcrumb":{"@id":"https:\/\/saintango.fr\/?page_id=1405#breadcrumb"},"inLanguage":"fr-FR","potentialAction":[{"@type":"ReadAction","target":["https:\/\/saintango.fr\/?page_id=1405"]}]},{"@type":"BreadcrumbList","@id":"https:\/\/saintango.fr\/?page_id=1405#breadcrumb","itemListElement":[{"@type":"ListItem","position":1,"name":"Accueil","item":"https:\/\/saintango.fr\/"},{"@type":"ListItem","position":2,"name":"Accueil","item":"https:\/\/saintango.fr\/"},{"@type":"ListItem","position":3,"name":"Notre formation \u00e0 Buenos Aires et ailleurs&#8230;"}]}]}},"_links":{"self":[{"href":"https:\/\/saintango.fr\/index.php?rest_route=\/wp\/v2\/pages\/1405"}],"collection":[{"href":"https:\/\/saintango.fr\/index.php?rest_route=\/wp\/v2\/pages"}],"about":[{"href":"https:\/\/saintango.fr\/index.php?rest_route=\/wp\/v2\/types\/page"}],"author":[{"embeddable":true,"href":"https:\/\/saintango.fr\/index.php?rest_route=\/wp\/v2\/users\/1"}],"replies":[{"embeddable":true,"href":"https:\/\/saintango.fr\/index.php?rest_route=%2Fwp%2Fv2%2Fcomments&post=1405"}],"version-history":[{"count":38,"href":"https:\/\/saintango.fr\/index.php?rest_route=\/wp\/v2\/pages\/1405\/revisions"}],"predecessor-version":[{"id":2749,"href":"https:\/\/saintango.fr\/index.php?rest_route=\/wp\/v2\/pages\/1405\/revisions\/2749"}],"up":[{"embeddable":true,"href":"https:\/\/saintango.fr\/index.php?rest_route=\/wp\/v2\/pages\/181"}],"wp:attachment":[{"href":"https:\/\/saintango.fr\/index.php?rest_route=%2Fwp%2Fv2%2Fmedia&parent=1405"}],"curies":[{"name":"wp","href":"https:\/\/api.w.org\/{rel}","templated":true}]}}