{"id":10,"date":"2014-09-13T15:55:40","date_gmt":"2014-09-13T14:55:40","guid":{"rendered":"http:\/\/saintango.fr\/?page_id=10"},"modified":"2025-09-25T21:41:39","modified_gmt":"2025-09-25T19:41:39","slug":"les-cours","status":"publish","type":"page","link":"https:\/\/saintango.fr\/?page_id=10","title":{"rendered":"Prestations &#8211; Cours &#8211; Contact"},"content":{"rendered":"<p>Organisation de stages, bals.<br \/>\nConseils artistiques.<br \/>\nR\u00e9alisation de chor\u00e9graphies pour des \u00e9v\u00e9nements familiaux (mariage\u2026), artistiques\u2026<br \/>\nD\u00e9monstrations de danses.<br \/>\nSoir\u00e9es ou week-end th\u00e9matiques.<br \/>\nPrestations aupr\u00e8s d\u2019associations ou ateliers chor\u00e9graphiques.<br \/>\nPr\u00e9paration de vos s\u00e9jours \u00e0 Buenos Aires.<br \/>\nPr\u00e9paration sp\u00e9cifique pour la danse en milonga (bal), d\u00e9placement en espace restreint.<br \/>\nCh\u00e8que&nbsp;cadeau.<\/p>\n<p><span style=\"color: #910000; font-size: 15pt; text-transform: uppercase;\"><b>Possibilit\u00e9 de d\u00e9placement partout en France !<\/b><\/span><\/p>\n","protected":false},"excerpt":{"rendered":"<p>Organisation de stages, bals. Conseils artistiques. R\u00e9alisation de chor\u00e9graphies pour des \u00e9v\u00e9nements familiaux (mariage\u2026), artistiques\u2026 D\u00e9monstrations de danses. Soir\u00e9es ou week-end th\u00e9matiques. Prestations aupr\u00e8s d\u2019associations ou ateliers chor\u00e9graphiques. Pr\u00e9paration de vos s\u00e9jours \u00e0 Buenos Aires. Pr\u00e9paration sp\u00e9cifique pour la danse en milonga (bal), d\u00e9placement en espace restreint. Ch\u00e8que&nbsp;cadeau. Possibilit\u00e9 de d\u00e9placement partout en France !<\/p>\n","protected":false},"author":1,"featured_media":0,"parent":0,"menu_order":0,"comment_status":"open","ping_status":"open","template":"","meta":{"ngg_post_thumbnail":0},"yoast_head":"<!-- This site is optimized with the Yoast SEO plugin v18.6 - https:\/\/yoast.com\/wordpress\/plugins\/seo\/ -->\n<title>Prestations - Cours - Contact - Saintonge Tango &amp; Milonga<\/title>\n<meta name=\"robots\" content=\"index, follow, max-snippet:-1, max-image-preview:large, max-video-preview:-1\" \/>\n<link rel=\"canonical\" href=\"https:\/\/saintango.fr\/?page_id=10\" \/>\n<meta property=\"og:locale\" content=\"fr_FR\" \/>\n<meta property=\"og:type\" content=\"article\" \/>\n<meta property=\"og:title\" content=\"Prestations - Cours - Contact - Saintonge Tango &amp; Milonga\" \/>\n<meta property=\"og:description\" content=\"Organisation de stages, bals. Conseils artistiques. R\u00e9alisation de chor\u00e9graphies pour des \u00e9v\u00e9nements familiaux (mariage\u2026), artistiques\u2026 D\u00e9monstrations de danses. Soir\u00e9es ou week-end th\u00e9matiques. Prestations aupr\u00e8s d\u2019associations ou ateliers chor\u00e9graphiques. Pr\u00e9paration de vos s\u00e9jours \u00e0 Buenos Aires. Pr\u00e9paration sp\u00e9cifique pour la danse en milonga (bal), d\u00e9placement en espace restreint. Ch\u00e8que&nbsp;cadeau. Possibilit\u00e9 de d\u00e9placement partout en France !\" \/>\n<meta property=\"og:url\" content=\"https:\/\/saintango.fr\/?page_id=10\" \/>\n<meta property=\"og:site_name\" content=\"Saintonge Tango &amp; Milonga\" \/>\n<meta property=\"article:modified_time\" content=\"2025-09-25T19:41:39+00:00\" \/>\n<meta name=\"twitter:card\" content=\"summary\" \/>\n<meta name=\"twitter:label1\" content=\"Dur\u00e9e de lecture estim\u00e9e\" \/>\n\t<meta name=\"twitter:data1\" content=\"1 minute\" \/>\n<script type=\"application\/ld+json\" class=\"yoast-schema-graph\">{\"@context\":\"https:\/\/schema.org\",\"@graph\":[{\"@type\":\"WebSite\",\"@id\":\"https:\/\/saintango.fr\/#website\",\"url\":\"https:\/\/saintango.fr\/\",\"name\":\"Saintonge Tango &amp; Milonga\",\"description\":\"Un site utilisant WordPress\",\"potentialAction\":[{\"@type\":\"SearchAction\",\"target\":{\"@type\":\"EntryPoint\",\"urlTemplate\":\"https:\/\/saintango.fr\/?s={search_term_string}\"},\"query-input\":\"required name=search_term_string\"}],\"inLanguage\":\"fr-FR\"},{\"@type\":\"WebPage\",\"@id\":\"https:\/\/saintango.fr\/?page_id=10#webpage\",\"url\":\"https:\/\/saintango.fr\/?page_id=10\",\"name\":\"Prestations - Cours - Contact - Saintonge Tango &amp; Milonga\",\"isPartOf\":{\"@id\":\"https:\/\/saintango.fr\/#website\"},\"datePublished\":\"2014-09-13T14:55:40+00:00\",\"dateModified\":\"2025-09-25T19:41:39+00:00\",\"breadcrumb\":{\"@id\":\"https:\/\/saintango.fr\/?page_id=10#breadcrumb\"},\"inLanguage\":\"fr-FR\",\"potentialAction\":[{\"@type\":\"ReadAction\",\"target\":[\"https:\/\/saintango.fr\/?page_id=10\"]}]},{\"@type\":\"BreadcrumbList\",\"@id\":\"https:\/\/saintango.fr\/?page_id=10#breadcrumb\",\"itemListElement\":[{\"@type\":\"ListItem\",\"position\":1,\"name\":\"Accueil\",\"item\":\"https:\/\/saintango.fr\/\"},{\"@type\":\"ListItem\",\"position\":2,\"name\":\"Prestations &#8211; Cours &#8211; Contact\"}]}]}<\/script>\n<!-- \/ Yoast SEO plugin. -->","yoast_head_json":{"title":"Prestations - Cours - Contact - Saintonge Tango &amp; Milonga","robots":{"index":"index","follow":"follow","max-snippet":"max-snippet:-1","max-image-preview":"max-image-preview:large","max-video-preview":"max-video-preview:-1"},"canonical":"https:\/\/saintango.fr\/?page_id=10","og_locale":"fr_FR","og_type":"article","og_title":"Prestations - Cours - Contact - Saintonge Tango &amp; Milonga","og_description":"Organisation de stages, bals. Conseils artistiques. R\u00e9alisation de chor\u00e9graphies pour des \u00e9v\u00e9nements familiaux (mariage\u2026), artistiques\u2026 D\u00e9monstrations de danses. Soir\u00e9es ou week-end th\u00e9matiques. Prestations aupr\u00e8s d\u2019associations ou ateliers chor\u00e9graphiques. Pr\u00e9paration de vos s\u00e9jours \u00e0 Buenos Aires. Pr\u00e9paration sp\u00e9cifique pour la danse en milonga (bal), d\u00e9placement en espace restreint. Ch\u00e8que&nbsp;cadeau. Possibilit\u00e9 de d\u00e9placement partout en France !","og_url":"https:\/\/saintango.fr\/?page_id=10","og_site_name":"Saintonge Tango &amp; Milonga","article_modified_time":"2025-09-25T19:41:39+00:00","twitter_card":"summary","twitter_misc":{"Dur\u00e9e de lecture estim\u00e9e":"1 minute"},"schema":{"@context":"https:\/\/schema.org","@graph":[{"@type":"WebSite","@id":"https:\/\/saintango.fr\/#website","url":"https:\/\/saintango.fr\/","name":"Saintonge Tango &amp; Milonga","description":"Un site utilisant WordPress","potentialAction":[{"@type":"SearchAction","target":{"@type":"EntryPoint","urlTemplate":"https:\/\/saintango.fr\/?s={search_term_string}"},"query-input":"required name=search_term_string"}],"inLanguage":"fr-FR"},{"@type":"WebPage","@id":"https:\/\/saintango.fr\/?page_id=10#webpage","url":"https:\/\/saintango.fr\/?page_id=10","name":"Prestations - Cours - Contact - Saintonge Tango &amp; Milonga","isPartOf":{"@id":"https:\/\/saintango.fr\/#website"},"datePublished":"2014-09-13T14:55:40+00:00","dateModified":"2025-09-25T19:41:39+00:00","breadcrumb":{"@id":"https:\/\/saintango.fr\/?page_id=10#breadcrumb"},"inLanguage":"fr-FR","potentialAction":[{"@type":"ReadAction","target":["https:\/\/saintango.fr\/?page_id=10"]}]},{"@type":"BreadcrumbList","@id":"https:\/\/saintango.fr\/?page_id=10#breadcrumb","itemListElement":[{"@type":"ListItem","position":1,"name":"Accueil","item":"https:\/\/saintango.fr\/"},{"@type":"ListItem","position":2,"name":"Prestations &#8211; Cours &#8211; Contact"}]}]}},"_links":{"self":[{"href":"https:\/\/saintango.fr\/index.php?rest_route=\/wp\/v2\/pages\/10"}],"collection":[{"href":"https:\/\/saintango.fr\/index.php?rest_route=\/wp\/v2\/pages"}],"about":[{"href":"https:\/\/saintango.fr\/index.php?rest_route=\/wp\/v2\/types\/page"}],"author":[{"embeddable":true,"href":"https:\/\/saintango.fr\/index.php?rest_route=\/wp\/v2\/users\/1"}],"replies":[{"embeddable":true,"href":"https:\/\/saintango.fr\/index.php?rest_route=%2Fwp%2Fv2%2Fcomments&post=10"}],"version-history":[{"count":23,"href":"https:\/\/saintango.fr\/index.php?rest_route=\/wp\/v2\/pages\/10\/revisions"}],"predecessor-version":[{"id":3105,"href":"https:\/\/saintango.fr\/index.php?rest_route=\/wp\/v2\/pages\/10\/revisions\/3105"}],"wp:attachment":[{"href":"https:\/\/saintango.fr\/index.php?rest_route=%2Fwp%2Fv2%2Fmedia&parent=10"}],"curies":[{"name":"wp","href":"https:\/\/api.w.org\/{rel}","templated":true}]}}